{"id":134,"date":"2022-04-05T21:11:51","date_gmt":"2022-04-05T19:11:51","guid":{"rendered":"http:\/\/www.choropax.ch\/?page_id=134"},"modified":"2025-01-25T15:22:36","modified_gmt":"2025-01-25T14:22:36","slug":"naechste-auftritte","status":"publish","type":"page","link":"https:\/\/www.choropax.ch\/","title":{"rendered":"Aktuelles"},"content":{"rendered":"\n<div class=\"wp-block-query is-layout-flow wp-block-query-is-layout-flow\"><ul class=\"wp-block-post-template is-layout-flow wp-block-post-template-is-layout-flow\"><li class=\"wp-block-post post-2005 post type-post status-publish format-standard hentry category-auftritt\">\n<h2 class=\"wp-block-post-title\">Sonntag, 21. Juni 2026, 17.00 Uhr im Ref. Kirchgemeindehaus H\u00f6ngg (Z\u00fcrich) &amp; Sonntag, 28. Juni 2026, 17.00 Uhr in der Kath. Kirche St. Fiden (St. Gallen)<\/h2>\n\n\n\n<div class=\"wp-block-post-excerpt\"><p class=\"wp-block-post-excerpt__excerpt\">Klingendes Wort &#8211; Beredter Klang: Ein Streifzug durch zwei Jahrtausende MusikgeschichteWir laden Sie ein auf eine Entdeckungsreise durch 2000 Jahre europ\u00e4ische Musikgeschichte: Vom sp\u00e4tantiken Seikilos Epitaph \u00fcber die Motette der Renaissance oder Beethovens 9. Sinfonie bis zu Mani Matters Sprachakrobatik. Erleben Sie mit uns die Macht der Musik und die Kraft des Wortes, ihren Widerstreit <a class=\"wp-block-post-excerpt__more-link\" href=\"https:\/\/www.choropax.ch\/?p=2005\">mehr erfahren&#8230;<\/a><\/p><\/div>\n\n\n<hr class=\"wp-block-separator has-css-opacity\"\/>\n\n<\/li><li class=\"wp-block-post post-1977 post type-post status-publish format-standard hentry category-gesucht\">\n<h2 class=\"wp-block-post-title\">DU hast eine Sopran- oder Altstimme (Frauenstimme) und m\u00f6chtest mit anderen Menschen zusammen singen?<\/h2>\n\n\n\n<div class=\"wp-block-post-excerpt\"><p class=\"wp-block-post-excerpt__excerpt\">Wir bieten dir * w\u00f6chentliche Proben in der Stadt St. Gallen mit erfahrener Chorleitung * Gelegenheit, deine stimmlichen F\u00e4higkeiten zu entfalten und weiterzuentwickeln * etwa zwanzig Mits\u00e4ngerinnen und s\u00e4nger * Mitbestimmung bei thematischen und musikalischen Schwerpunkten und der Lieder-Wahl. Mehr zu unserem breiten musikalischen Spektrum findest du in den Auftrittsbeschreibungen auf der Website https:\/\/www.choropax.ch\/ Gerne <a class=\"wp-block-post-excerpt__more-link\" href=\"https:\/\/www.choropax.ch\/?p=1977\">mehr erfahren&#8230;<\/a><\/p><\/div>\n\n\n<hr class=\"wp-block-separator has-css-opacity\"\/>\n\n<\/li><\/ul><\/div>\n","protected":false},"excerpt":{"rendered":"","protected":false},"author":1,"featured_media":0,"parent":0,"menu_order":0,"comment_status":"closed","ping_status":"closed","template":"","meta":{"footnotes":""},"class_list":["post-134","page","type-page","status-publish","hentry"],"_links":{"self":[{"href":"https:\/\/www.choropax.ch\/index.php?rest_route=\/wp\/v2\/pages\/134","targetHints":{"allow":["GET"]}}],"collection":[{"href":"https:\/\/www.choropax.ch\/index.php?rest_route=\/wp\/v2\/pages"}],"about":[{"href":"https:\/\/www.choropax.ch\/index.php?rest_route=\/wp\/v2\/types\/page"}],"author":[{"embeddable":true,"href":"https:\/\/www.choropax.ch\/index.php?rest_route=\/wp\/v2\/users\/1"}],"replies":[{"embeddable":true,"href":"https:\/\/www.choropax.ch\/index.php?rest_route=%2Fwp%2Fv2%2Fcomments&post=134"}],"version-history":[{"count":6,"href":"https:\/\/www.choropax.ch\/index.php?rest_route=\/wp\/v2\/pages\/134\/revisions"}],"predecessor-version":[{"id":1982,"href":"https:\/\/www.choropax.ch\/index.php?rest_route=\/wp\/v2\/pages\/134\/revisions\/1982"}],"wp:attachment":[{"href":"https:\/\/www.choropax.ch\/index.php?rest_route=%2Fwp%2Fv2%2Fmedia&parent=134"}],"curies":[{"name":"wp","href":"https:\/\/api.w.org\/{rel}","templated":true}]}}