{"id":140,"date":"2022-04-05T21:21:37","date_gmt":"2022-04-05T19:21:37","guid":{"rendered":"http:\/\/www.choropax.ch\/?page_id=140"},"modified":"2025-01-25T15:43:22","modified_gmt":"2025-01-25T14:43:22","slug":"ueber-uns","status":"publish","type":"page","link":"https:\/\/www.choropax.ch\/?page_id=140","title":{"rendered":"\u00dcber uns"},"content":{"rendered":"\n<h2 class=\"wp-block-heading\">Willkommen!<\/h2>\n\n\n\n<p>Dein Interesse an Choropax freut uns. Wir sind auf der Weltkugel mitten in Europa zu finden, in der Stadt St. Gallen (Schweiz).<\/p>\n\n\n\n<h2 class=\"wp-block-heading\">So kannst du dir Choropax vorstellen<\/h2>\n\n\n\n<p>Wir sind eine Gruppe von etwa zwanzig Frauen und M\u00e4nnern im Alter zwischen etwa 50 und 75 Jahren aus St. Gallen und Umgebung. Zusammen mit unserer Chorleiterin Martina Hofmann (seit 2005) widmen wir uns jeweils am Montagabend in der Stadt St. Gallen dem Einstudieren und genussvollen Singen von neuen und weniger neuen Gesangsst\u00fccken (mehr zu unserem musikalischen Spektrum findest du in den Beschreibungen unserer Auftritte). Zus\u00e4tzlich gibt es ein bis zwei Tage pro Jahr, um im Hinblick auf ein neues Konzertprogramm intensiver und l\u00e4nger \u00fcben zu k\u00f6nnen. Und wenn es gut l\u00e4uft, gelingt uns etwa jedes Jahr ein kleinerer oder gr\u00f6sserer Auftritt in jeweils selbstgestaltetem Rahmen und meist mit selbst zubereitetem kulinarischem Teil.<\/p>\n\n\n\n<h2 class=\"wp-block-heading\">Kontakt<\/h2>\n\n\n\n<p>Wenn du bei uns mitsingen m\u00f6chtest, in unsere Proben reinschnuppern willst, oder mehr \u00fcber uns erfahren w\u00fcrdest\u2026<br>\u2026sendest du uns am besten ein Mail an <a href=\"mailto:info@choropax.ch\" data-type=\"mailto\" data-id=\"mailto:info@choropax.ch\">info(at)choropax(punkt)ch<\/a>!<\/p>\n\n\n\n<p>Weitere Adressangaben findest du im Vereinsverzeichnis der Stadt St. Gallen unter <a rel=\"noreferrer noopener\" href=\"https:\/\/www.stadt.sg.ch\" data-type=\"URL\" data-id=\"https:\/\/www.stadt.sg.ch\" target=\"_blank\">www.stadt.sg.ch<\/a> &gt; St.Gallernetz.<\/p>\n\n\n\n<h2 class=\"wp-block-heading\">Historisches<\/h2>\n\n\n\n<p>Gegr\u00fcndet wurde das Vokalensemble Choropax im Jahr 1987, und im Verlaufe der Jahre von angehenden und ausgebildeten Musikern geleitet.<\/p>\n\n\n\n<p>Das Vokalensemble Choropax wurde von 1995 bis 2004 musikalisch geleitet von Bernhard Bichler (www.bernhard-bichler.ch)<\/p>\n","protected":false},"excerpt":{"rendered":"<p>Willkommen! Dein Interesse an Choropax freut uns. Wir sind auf der Weltkugel mitten in Europa zu finden, in der Stadt St. Gallen (Schweiz). So kannst du dir Choropax vorstellen Wir sind eine Gruppe von etwa zwanzig Frauen und M\u00e4nnern im Alter zwischen etwa 50 und 75 Jahren aus St. Gallen und Umgebung. Zusammen mit unserer&#8230;<\/p>\n","protected":false},"author":1,"featured_media":0,"parent":0,"menu_order":0,"comment_status":"closed","ping_status":"closed","template":"","meta":{"footnotes":""},"class_list":["post-140","page","type-page","status-publish","hentry"],"_links":{"self":[{"href":"https:\/\/www.choropax.ch\/index.php?rest_route=\/wp\/v2\/pages\/140","targetHints":{"allow":["GET"]}}],"collection":[{"href":"https:\/\/www.choropax.ch\/index.php?rest_route=\/wp\/v2\/pages"}],"about":[{"href":"https:\/\/www.choropax.ch\/index.php?rest_route=\/wp\/v2\/types\/page"}],"author":[{"embeddable":true,"href":"https:\/\/www.choropax.ch\/index.php?rest_route=\/wp\/v2\/users\/1"}],"replies":[{"embeddable":true,"href":"https:\/\/www.choropax.ch\/index.php?rest_route=%2Fwp%2Fv2%2Fcomments&post=140"}],"version-history":[{"count":6,"href":"https:\/\/www.choropax.ch\/index.php?rest_route=\/wp\/v2\/pages\/140\/revisions"}],"predecessor-version":[{"id":1989,"href":"https:\/\/www.choropax.ch\/index.php?rest_route=\/wp\/v2\/pages\/140\/revisions\/1989"}],"wp:attachment":[{"href":"https:\/\/www.choropax.ch\/index.php?rest_route=%2Fwp%2Fv2%2Fmedia&parent=140"}],"curies":[{"name":"wp","href":"https:\/\/api.w.org\/{rel}","templated":true}]}}